{"id":6,"date":"2020-04-26T19:24:59","date_gmt":"2020-04-26T16:24:59","guid":{"rendered":"https:\/\/citedesartsfi.wordpress.com\/?page_id=6"},"modified":"2026-02-24T22:18:49","modified_gmt":"2026-02-24T20:18:49","slug":"blog","status":"publish","type":"page","link":"https:\/\/citedesarts.fi\/","title":{"rendered":""},"content":{"rendered":"\n<div class=\"wp-block-cover alignfull is-light\" style=\"min-height:48vw;aspect-ratio:unset;\"><img loading=\"lazy\" decoding=\"async\" width=\"1600\" height=\"1067\" class=\"wp-block-cover__image-background wp-image-175\" alt=\"\" src=\"http:\/\/u67069.www2.webdomain.fi\/wp-content\/uploads\/2021\/09\/site-du-marais_cree295a0udit-maurine-tric.jpeg\" style=\"object-position:98% 46%\" data-object-fit=\"cover\" data-object-position=\"98% 46%\" srcset=\"https:\/\/citedesarts.fi\/wp-content\/uploads\/2021\/09\/site-du-marais_cree295a0udit-maurine-tric.jpeg 1600w, https:\/\/citedesarts.fi\/wp-content\/uploads\/2021\/09\/site-du-marais_cree295a0udit-maurine-tric-300x200.jpeg 300w, https:\/\/citedesarts.fi\/wp-content\/uploads\/2021\/09\/site-du-marais_cree295a0udit-maurine-tric-1024x683.jpeg 1024w, https:\/\/citedesarts.fi\/wp-content\/uploads\/2021\/09\/site-du-marais_cree295a0udit-maurine-tric-768x512.jpeg 768w, https:\/\/citedesarts.fi\/wp-content\/uploads\/2021\/09\/site-du-marais_cree295a0udit-maurine-tric-1536x1024.jpeg 1536w, https:\/\/citedesarts.fi\/wp-content\/uploads\/2021\/09\/site-du-marais_cree295a0udit-maurine-tric-1568x1046.jpeg 1568w\" sizes=\"auto, (max-width: 1600px) 100vw, 1600px\" \/><span aria-hidden=\"true\" class=\"wp-block-cover__background has-background-dim-0 has-background-dim\" style=\"background-color:#c9b8c4\"><\/span><div class=\"wp-block-cover__inner-container is-layout-flow wp-block-cover-is-layout-flow\">\n<div class=\"wp-block-jetpack-layout-grid alignfull column1-desktop-grid__span-11 column1-desktop-grid__row-1 column1-tablet-grid__span-8 column1-tablet-grid__row-1 column1-mobile-grid__span-4 column1-mobile-grid__row-1 are-vertically-aligned-center\">\n<div class=\"wp-block-jetpack-layout-grid-column wp-block-jetpack-layout-grid__padding-none is-vertically-aligned-center\"><\/div>\n<\/div>\n<\/div><\/div>\n\n\n\n<div class=\"wp-block-group alignwide\"><div class=\"wp-block-group__inner-container is-layout-flow wp-block-group-is-layout-flow\">\n<h2 class=\"wp-block-heading alignfull has-text-align-center alignwide\" id=\"pariisin-taiteilijakaupungin-saatio\">Pariisin taiteilijakaupungin s\u00e4\u00e4ti\u00f6<\/h2>\n<\/div><\/div>\n\n\n\n<div class=\"wp-block-columns alignfull is-layout-flex wp-container-core-columns-is-layout-9d6595d7 wp-block-columns-is-layout-flex\">\n<div class=\"wp-block-column is-vertically-aligned-top is-layout-flow wp-block-column-is-layout-flow\" style=\"flex-basis:50%\">\n<div class=\"wp-block-columns alignwide is-layout-flex wp-container-core-columns-is-layout-9d6595d7 wp-block-columns-is-layout-flex\">\n<div class=\"wp-block-column is-layout-flow wp-block-column-is-layout-flow\">\n<div class=\"wp-block-group\"><div class=\"wp-block-group__inner-container is-layout-flow wp-block-group-is-layout-flow\">\n<h2 class=\"wp-block-heading has-text-align-center has-larger-font-size\" id=\"ateljeeasuntoja-pariisissa\">ATELJEEASUNTOJA PARIISISSA<\/h2>\n<\/div><\/div>\n\n\n\n<p class=\"has-text-align-center\">Pariisin taiteilijakaupungin s\u00e4\u00e4ti\u00f6 tarjoaa taiteilijoille ty\u00f6skentelymahdollisuuksia Cit\u00e9 Internationale des Arts -taiteilijakeskuksessa, jossa s\u00e4\u00e4ti\u00f6 hallinnoi yhdeks\u00e4\u00e4 ateljeeta.<\/p>\n\n\n\n<p class=\"has-text-align-center\">Ateljeita voivat hakea suomalaiset kuvataiteilijat, s\u00e4veltaiteilijat, muotoilijat sek\u00e4 arkkitehdit. Ateljeiden hakuaika on maaliskuussa.<\/p>\n\n\n\n<p class=\"has-text-align-center\">Vuodesta 1965 l\u00e4htien n\u00e4ist\u00e4 ateljeeasunnoista Pariisin syd\u00e4mess\u00e4 on nauttinut yli 1100 suomalaista eri alojen taiteilijaa. Nyky\u00e4\u00e4n Cit\u00e9ss\u00e4 on 90 maan edustajien k\u00e4yt\u00f6ss\u00e4 yhteens\u00e4 326 ateljeety\u00f6tilaa.<\/p>\n<\/div>\n<\/div>\n<\/div>\n\n\n\n<div class=\"wp-block-column is-vertically-aligned-top is-layout-flow wp-block-column-is-layout-flow\" style=\"flex-basis:50%\"><div class=\"wp-block-image is-resized\">\n<figure class=\"aligncenter size-large\"><img loading=\"lazy\" decoding=\"async\" width=\"1024\" height=\"683\" src=\"https:\/\/citedesarts.fi\/wp-content\/uploads\/2020\/04\/dee295a0ucc88jeuner-des-ree295a0ucc88sidents_site-du-marais_cree295a0ucc88dit-maurine-tric-1024x683.jpg\" alt=\"\" class=\"wp-image-75\" srcset=\"https:\/\/citedesarts.fi\/wp-content\/uploads\/2020\/04\/dee295a0ucc88jeuner-des-ree295a0ucc88sidents_site-du-marais_cree295a0ucc88dit-maurine-tric-1024x683.jpg 1024w, https:\/\/citedesarts.fi\/wp-content\/uploads\/2020\/04\/dee295a0ucc88jeuner-des-ree295a0ucc88sidents_site-du-marais_cree295a0ucc88dit-maurine-tric-300x200.jpg 300w, https:\/\/citedesarts.fi\/wp-content\/uploads\/2020\/04\/dee295a0ucc88jeuner-des-ree295a0ucc88sidents_site-du-marais_cree295a0ucc88dit-maurine-tric-768x512.jpg 768w, https:\/\/citedesarts.fi\/wp-content\/uploads\/2020\/04\/dee295a0ucc88jeuner-des-ree295a0ucc88sidents_site-du-marais_cree295a0ucc88dit-maurine-tric-1536x1024.jpg 1536w, https:\/\/citedesarts.fi\/wp-content\/uploads\/2020\/04\/dee295a0ucc88jeuner-des-ree295a0ucc88sidents_site-du-marais_cree295a0ucc88dit-maurine-tric-1568x1046.jpg 1568w, https:\/\/citedesarts.fi\/wp-content\/uploads\/2020\/04\/dee295a0ucc88jeuner-des-ree295a0ucc88sidents_site-du-marais_cree295a0ucc88dit-maurine-tric.jpg 1600w\" sizes=\"auto, (max-width: 1024px) 100vw, 1024px\" \/><\/figure>\n<\/div>\n\n\n<p><\/p>\n<\/div>\n<\/div>\n\n\n\n<h2 class=\"wp-block-heading has-text-align-center has-larger-font-size\" id=\"ajankohtaista\">AJANKOHTAISTA<\/h2>\n\n\n\n<div class=\"wp-block-columns alignfull has-text-color has-background is-layout-flex wp-container-core-columns-is-layout-9d6595d7 wp-block-columns-is-layout-flex\" style=\"color:#000000;background-color:#ffffff\">\n<div class=\"wp-block-column is-layout-flow wp-block-column-is-layout-flow\">\n<h4 class=\"wp-block-heading has-text-align-center\" id=\"virtual-tour-1\" style=\"font-size:20px;line-height:1.3\">VUOSITTAINEN ATELJEEHAKU<\/h4>\n\n\n\n<p class=\"has-text-align-center\">S\u00e4\u00e4ti\u00f6mme hallinnoi Pariisin taiteilijakeskuksessa, <br>Cit\u00e9 internationale des arts\u2019issa, yhdeks\u00e4\u00e4 ateljeeta. Haku ateljeihin on auki kunkin vuoden maaliskuussa, jolloin haetaan aina seuraavan kalenterivuoden ateljeita.<br>Haku kaudelle 2027 alkaa 1.3.2026 ja p\u00e4\u00e4ttyy 31.3. klo 16.00.<br><br><a href=\"https:\/\/citedesarts.fi\/?page_id=50\" data-type=\"page\" data-id=\"50\"><strong>Lis\u00e4tietoa vuosittaisesta ateljeehausta sivulta<\/strong><\/a><br><a href=\"https:\/\/citedesarts.fi\/?page_id=50\" data-type=\"page\" data-id=\"50\"><strong>Haku ja ty\u00f6skentely<\/strong><\/a><\/p>\n<\/div>\n\n\n\n<div class=\"wp-block-column is-layout-flow wp-block-column-is-layout-flow\">\n<h4 class=\"wp-block-heading has-text-align-center\" id=\"useful-info-1\" style=\"font-size:20px;line-height:1.3\">S\u00c4\u00c4TI\u00d6N ATELJEIDEN PERUSKORJAUS <\/h4>\n\n\n\n<p class=\"has-text-align-center\">S\u00e4\u00e4ti\u00f6n Cit\u00e9n taiteilijakeskuksessa sijaitsevat yhdeks\u00e4n ateljeeta peruskorjattiin kausien 2022\u20132023 aikana. Ateljeissa uusittiin keitti\u00f6t, kylpyhuoneet, pinnat, valaistus ja kalusteet sek\u00e4 lis\u00e4ttiin hyllyj\u00e4 ja naulakoita. Lis\u00e4ksi osassa ateljeita parannettiin niiden k\u00e4ytett\u00e4vyytt\u00e4 poistamalla v\u00e4liseini\u00e4 ja\/tai siirt\u00e4m\u00e4ll\u00e4 ovien paikkaa. Sivustollamme olevat ateljeekuvat esittelev\u00e4t uudistettujen ateljeiden ilmett\u00e4.<\/p>\n\n\n\n<p class=\"has-text-align-center\">Peruskorjaukset mahdollisti Suomen Kulttuurirahaston s\u00e4\u00e4ti\u00f6lle kev\u00e4\u00e4ll\u00e4 2021 my\u00f6nt\u00e4m\u00e4 330&nbsp;000 euron suuruinen apuraha. Loput remonttien kustannuksista s\u00e4\u00e4ti\u00f6 kattoi itse.<\/p>\n<\/div>\n<\/div>\n\n\n\n<hr class=\"wp-block-separator has-css-opacity is-style-wide\"\/>\n\n\n\n<div class=\"wp-block-group alignfull\"><div class=\"wp-block-group__inner-container is-layout-flow wp-block-group-is-layout-flow\">\n<h2 class=\"wp-block-heading alignfull has-text-align-center alignwide has-primary-color has-background-background-color has-text-color has-background\" id=\"talo-nelja-julkisivua-puiston-varrella-keskella-piha-kukkaistutuksia-ylla-avoin-taivas\" style=\"color:#0273a3\">\u201cTalo, nelj\u00e4 julkisivua, puiston varrella. Keskell\u00e4 piha, kukkaistutuksia, yll\u00e4 avoin taivas.\u201d<\/h2>\n\n\n\n<p class=\"has-primary-color has-background-background-color has-text-color has-background\">\u2013 Eero Snellman, lokakuussa 1947<\/p>\n<\/div><\/div>\n\n\n\n<p><\/p>\n","protected":false},"excerpt":{"rendered":"<p>Pariisin taiteilijakaupungin s\u00e4\u00e4ti\u00f6 ATELJEEASUNTOJA PARIISISSA Pariisin taiteilijakaupungin s\u00e4\u00e4ti\u00f6 tarjoaa taiteilijoille ty\u00f6skentelymahdollisuuksia Cit\u00e9 Internationale des Arts -taiteilijakeskuksessa, jossa s\u00e4\u00e4ti\u00f6 hallinnoi yhdeks\u00e4\u00e4 ateljeeta. Ateljeita voivat hakea suomalaiset kuvataiteilijat, s\u00e4veltaiteilijat, muotoilijat sek\u00e4 arkkitehdit. Ateljeiden hakuaika on maaliskuussa. Vuodesta 1965 l\u00e4htien n\u00e4ist\u00e4 ateljeeasunnoista Pariisin syd\u00e4mess\u00e4 on nauttinut yli 1100 suomalaista eri alojen taiteilijaa. Nyky\u00e4\u00e4n Cit\u00e9ss\u00e4 on 90 maan edustajien [&hellip;]<\/p>\n","protected":false},"author":1,"featured_media":0,"parent":0,"menu_order":1,"comment_status":"closed","ping_status":"closed","template":"","meta":{"footnotes":""},"class_list":["post-6","page","type-page","status-publish","hentry"],"_links":{"self":[{"href":"https:\/\/citedesarts.fi\/index.php?rest_route=\/wp\/v2\/pages\/6","targetHints":{"allow":["GET"]}}],"collection":[{"href":"https:\/\/citedesarts.fi\/index.php?rest_route=\/wp\/v2\/pages"}],"about":[{"href":"https:\/\/citedesarts.fi\/index.php?rest_route=\/wp\/v2\/types\/page"}],"author":[{"embeddable":true,"href":"https:\/\/citedesarts.fi\/index.php?rest_route=\/wp\/v2\/users\/1"}],"replies":[{"embeddable":true,"href":"https:\/\/citedesarts.fi\/index.php?rest_route=%2Fwp%2Fv2%2Fcomments&post=6"}],"version-history":[{"count":29,"href":"https:\/\/citedesarts.fi\/index.php?rest_route=\/wp\/v2\/pages\/6\/revisions"}],"predecessor-version":[{"id":689,"href":"https:\/\/citedesarts.fi\/index.php?rest_route=\/wp\/v2\/pages\/6\/revisions\/689"}],"wp:attachment":[{"href":"https:\/\/citedesarts.fi\/index.php?rest_route=%2Fwp%2Fv2%2Fmedia&parent=6"}],"curies":[{"name":"wp","href":"https:\/\/api.w.org\/{rel}","templated":true}]}}