{"id":54,"date":"2020-04-26T17:16:23","date_gmt":"2020-04-26T14:16:23","guid":{"rendered":"https:\/\/citedesartsfi.wordpress.com\/?page_id=54"},"modified":"2025-10-09T22:18:03","modified_gmt":"2025-10-09T19:18:03","slug":"saatio","status":"publish","type":"page","link":"https:\/\/citedesarts.fi\/?page_id=54","title":{"rendered":"S\u00e4\u00e4ti\u00f6"},"content":{"rendered":"\n<div class=\"wp-block-cover alignfull is-light has-custom-content-position is-position-top-center\" style=\"min-height:402px;aspect-ratio:unset;\"><img loading=\"lazy\" decoding=\"async\" width=\"1600\" height=\"1067\" class=\"wp-block-cover__image-background wp-image-198\" alt=\"\" src=\"http:\/\/u67069.www2.webdomain.fi\/wp-content\/uploads\/2021\/09\/cour_site-du-marais_cree295a0udit-maurine-tric.jpg\" data-object-fit=\"cover\" srcset=\"https:\/\/citedesarts.fi\/wp-content\/uploads\/2021\/09\/cour_site-du-marais_cree295a0udit-maurine-tric.jpg 1600w, https:\/\/citedesarts.fi\/wp-content\/uploads\/2021\/09\/cour_site-du-marais_cree295a0udit-maurine-tric-300x200.jpg 300w, https:\/\/citedesarts.fi\/wp-content\/uploads\/2021\/09\/cour_site-du-marais_cree295a0udit-maurine-tric-1024x683.jpg 1024w, https:\/\/citedesarts.fi\/wp-content\/uploads\/2021\/09\/cour_site-du-marais_cree295a0udit-maurine-tric-768x512.jpg 768w, https:\/\/citedesarts.fi\/wp-content\/uploads\/2021\/09\/cour_site-du-marais_cree295a0udit-maurine-tric-1536x1024.jpg 1536w, https:\/\/citedesarts.fi\/wp-content\/uploads\/2021\/09\/cour_site-du-marais_cree295a0udit-maurine-tric-1568x1046.jpg 1568w\" sizes=\"auto, (max-width: 1600px) 100vw, 1600px\" \/><span aria-hidden=\"true\" class=\"wp-block-cover__background has-background-dim-0 has-background-dim\"><\/span><div class=\"wp-block-cover__inner-container is-layout-flow wp-block-cover-is-layout-flow\">\n<p class=\"has-text-align-center has-large-font-size\"><\/p>\n<\/div><\/div>\n\n\n\n<h3 class=\"wp-block-heading\" id=\"tarkoitus\"><strong>Tarkoitus<\/strong><\/h3>\n\n\n\n<p>Pariisin taiteilijakaupungin s\u00e4\u00e4ti\u00f6n tarkoituksena on omistaa hallintaoikeudet Pariisissa sijaitsevan Cit\u00e9 Internationale des Arts -taiteilijakeskuksen viiden kuva- ja nelj\u00e4n musiikkiateljeen k\u00e4ytt\u00f6\u00f6n sek\u00e4 valita niihin vuosittain hakemusten perustella Suomessa asuvia taiteilijoita kuvataiteen, s\u00e4veltaiteen, muotoilun sek\u00e4 arkkitehtuurin aloilta.<\/p>\n\n\n\n<h3 class=\"wp-block-heading\" id=\"hallinto\"><strong>Hallinto<\/strong><\/h3>\n\n\n\n<p>Pariisin taiteilijakaupungin s\u00e4\u00e4ti\u00f6n hallituksen puheenjohtajana toimii asianajotoimisto Waselius Asianajotoimisto Oy:n asianajaja&nbsp;<strong>\u00c5sa Krook<\/strong>.<\/p>\n\n\n\n<p>S\u00e4\u00e4ti\u00f6n hallituksen j\u00e4senet edustavat musiikin, kuvataiteen, muotoilun ja arkkitehtuurin aloja.<\/p>\n\n\n\n<p>Kaudella 2025\u20132027 hallituksen j\u00e4senin\u00e4 toimivat:<\/p>\n\n\n\n<ul class=\"wp-block-list\">\n<li><strong>\u00c5sa Krook<\/strong>, asianajaja, puheenjohtaja<\/li>\n\n\n\n<li><strong>Anni Vartola<\/strong>, arkkitehti, varapuheenjohtaja<\/li>\n\n\n\n<li><strong>Junio Kimanen<\/strong>, pianisti<\/li>\n\n\n\n<li><strong>Kati Kivinen<\/strong>, n\u00e4yttelyp\u00e4\u00e4llikk\u00f6<\/li>\n\n\n\n<li><strong>Markus Konttinen<\/strong>, kuvataiteilija<\/li>\n\n\n\n<li><strong>Esa Vesmanen<\/strong>, sisustusarkkitehti<\/li>\n<\/ul>\n\n\n\n<p>S\u00e4\u00e4ti\u00f6n sihteerin teht\u00e4vist\u00e4 vastaa&nbsp;Sera Syv\u00e4nen.<\/p>\n\n\n\n<figure class=\"wp-block-gallery alignwide has-nested-images columns-4 is-cropped wp-block-gallery-1 is-layout-flex wp-block-gallery-is-layout-flex\">\n<figure class=\"wp-block-image size-medium\"><img loading=\"lazy\" decoding=\"async\" width=\"206\" height=\"140\" data-id=\"392\" src=\"https:\/\/citedesarts.fi\/wp-content\/uploads\/2021\/12\/pieni_kuva_3.jpg\" alt=\"\" class=\"wp-image-392\"\/><\/figure>\n\n\n\n<figure class=\"wp-block-image size-medium\"><img loading=\"lazy\" decoding=\"async\" width=\"204\" height=\"141\" data-id=\"391\" src=\"https:\/\/citedesarts.fi\/wp-content\/uploads\/2021\/12\/pieni_kuva_2.jpg\" alt=\"\" class=\"wp-image-391\"\/><\/figure>\n\n\n\n<figure class=\"wp-block-image size-medium\"><img loading=\"lazy\" decoding=\"async\" width=\"205\" height=\"140\" data-id=\"390\" src=\"https:\/\/citedesarts.fi\/wp-content\/uploads\/2021\/12\/pieni_kuva_1.jpg\" alt=\"\" class=\"wp-image-390\"\/><\/figure>\n\n\n\n<figure class=\"wp-block-image size-medium\"><img loading=\"lazy\" decoding=\"async\" width=\"300\" height=\"200\" data-id=\"389\" src=\"https:\/\/citedesarts.fi\/wp-content\/uploads\/2021\/12\/Exposition-Luis-Carlos-Tovar_juin-2019_Site-du-Marais_Cre\u2560udit-Maurine-Tric-300x200.jpg\" alt=\"\" class=\"wp-image-389\" srcset=\"https:\/\/citedesarts.fi\/wp-content\/uploads\/2021\/12\/Exposition-Luis-Carlos-Tovar_juin-2019_Site-du-Marais_Cre\u2560udit-Maurine-Tric-300x200.jpg 300w, https:\/\/citedesarts.fi\/wp-content\/uploads\/2021\/12\/Exposition-Luis-Carlos-Tovar_juin-2019_Site-du-Marais_Cre\u2560udit-Maurine-Tric-1024x683.jpg 1024w, https:\/\/citedesarts.fi\/wp-content\/uploads\/2021\/12\/Exposition-Luis-Carlos-Tovar_juin-2019_Site-du-Marais_Cre\u2560udit-Maurine-Tric-768x512.jpg 768w, https:\/\/citedesarts.fi\/wp-content\/uploads\/2021\/12\/Exposition-Luis-Carlos-Tovar_juin-2019_Site-du-Marais_Cre\u2560udit-Maurine-Tric-1536x1024.jpg 1536w, https:\/\/citedesarts.fi\/wp-content\/uploads\/2021\/12\/Exposition-Luis-Carlos-Tovar_juin-2019_Site-du-Marais_Cre\u2560udit-Maurine-Tric-1200x800.jpg 1200w, https:\/\/citedesarts.fi\/wp-content\/uploads\/2021\/12\/Exposition-Luis-Carlos-Tovar_juin-2019_Site-du-Marais_Cre\u2560udit-Maurine-Tric.jpg 1600w\" sizes=\"auto, (max-width: 300px) 100vw, 300px\" \/><\/figure>\n\n\n\n<figure class=\"wp-block-image size-medium\"><img loading=\"lazy\" decoding=\"async\" width=\"300\" height=\"200\" data-id=\"388\" src=\"https:\/\/citedesarts.fi\/wp-content\/uploads\/2021\/12\/Atelier-se\u2560urigraphie_Site-du-Marais_Cre\u2560udit-Maurine-Tric-300x200.jpg\" alt=\"\" class=\"wp-image-388\" srcset=\"https:\/\/citedesarts.fi\/wp-content\/uploads\/2021\/12\/Atelier-se\u2560urigraphie_Site-du-Marais_Cre\u2560udit-Maurine-Tric-300x200.jpg 300w, https:\/\/citedesarts.fi\/wp-content\/uploads\/2021\/12\/Atelier-se\u2560urigraphie_Site-du-Marais_Cre\u2560udit-Maurine-Tric-1024x683.jpg 1024w, https:\/\/citedesarts.fi\/wp-content\/uploads\/2021\/12\/Atelier-se\u2560urigraphie_Site-du-Marais_Cre\u2560udit-Maurine-Tric-768x512.jpg 768w, https:\/\/citedesarts.fi\/wp-content\/uploads\/2021\/12\/Atelier-se\u2560urigraphie_Site-du-Marais_Cre\u2560udit-Maurine-Tric-1536x1024.jpg 1536w, https:\/\/citedesarts.fi\/wp-content\/uploads\/2021\/12\/Atelier-se\u2560urigraphie_Site-du-Marais_Cre\u2560udit-Maurine-Tric-1200x800.jpg 1200w, https:\/\/citedesarts.fi\/wp-content\/uploads\/2021\/12\/Atelier-se\u2560urigraphie_Site-du-Marais_Cre\u2560udit-Maurine-Tric.jpg 1600w\" sizes=\"auto, (max-width: 300px) 100vw, 300px\" \/><\/figure>\n\n\n\n<figure class=\"wp-block-image size-medium\"><img loading=\"lazy\" decoding=\"async\" width=\"300\" height=\"200\" data-id=\"387\" src=\"https:\/\/citedesarts.fi\/wp-content\/uploads\/2021\/12\/Atelier-gravure_Site-du-Marais_Cre\u2560udit-Maurine-Tric-300x200.jpg\" alt=\"\" class=\"wp-image-387\" srcset=\"https:\/\/citedesarts.fi\/wp-content\/uploads\/2021\/12\/Atelier-gravure_Site-du-Marais_Cre\u2560udit-Maurine-Tric-300x200.jpg 300w, https:\/\/citedesarts.fi\/wp-content\/uploads\/2021\/12\/Atelier-gravure_Site-du-Marais_Cre\u2560udit-Maurine-Tric-1024x683.jpg 1024w, https:\/\/citedesarts.fi\/wp-content\/uploads\/2021\/12\/Atelier-gravure_Site-du-Marais_Cre\u2560udit-Maurine-Tric-768x512.jpg 768w, https:\/\/citedesarts.fi\/wp-content\/uploads\/2021\/12\/Atelier-gravure_Site-du-Marais_Cre\u2560udit-Maurine-Tric-1536x1024.jpg 1536w, https:\/\/citedesarts.fi\/wp-content\/uploads\/2021\/12\/Atelier-gravure_Site-du-Marais_Cre\u2560udit-Maurine-Tric-1200x800.jpg 1200w, https:\/\/citedesarts.fi\/wp-content\/uploads\/2021\/12\/Atelier-gravure_Site-du-Marais_Cre\u2560udit-Maurine-Tric.jpg 1600w\" sizes=\"auto, (max-width: 300px) 100vw, 300px\" \/><\/figure>\n\n\n\n<figure class=\"wp-block-image size-medium\"><img loading=\"lazy\" decoding=\"async\" width=\"300\" height=\"200\" data-id=\"386\" src=\"https:\/\/citedesarts.fi\/wp-content\/uploads\/2021\/12\/Studio-de-repetition_Site-du-Marais_Credit-Maurine-Tric-300x200.jpg\" alt=\"\" class=\"wp-image-386\" srcset=\"https:\/\/citedesarts.fi\/wp-content\/uploads\/2021\/12\/Studio-de-repetition_Site-du-Marais_Credit-Maurine-Tric-300x200.jpg 300w, https:\/\/citedesarts.fi\/wp-content\/uploads\/2021\/12\/Studio-de-repetition_Site-du-Marais_Credit-Maurine-Tric-1024x683.jpg 1024w, https:\/\/citedesarts.fi\/wp-content\/uploads\/2021\/12\/Studio-de-repetition_Site-du-Marais_Credit-Maurine-Tric-768x512.jpg 768w, https:\/\/citedesarts.fi\/wp-content\/uploads\/2021\/12\/Studio-de-repetition_Site-du-Marais_Credit-Maurine-Tric-1536x1024.jpg 1536w, https:\/\/citedesarts.fi\/wp-content\/uploads\/2021\/12\/Studio-de-repetition_Site-du-Marais_Credit-Maurine-Tric-1200x800.jpg 1200w, https:\/\/citedesarts.fi\/wp-content\/uploads\/2021\/12\/Studio-de-repetition_Site-du-Marais_Credit-Maurine-Tric.jpg 1600w\" sizes=\"auto, (max-width: 300px) 100vw, 300px\" \/><\/figure>\n<\/figure>\n","protected":false},"excerpt":{"rendered":"<p>Tarkoitus Pariisin taiteilijakaupungin s\u00e4\u00e4ti\u00f6n tarkoituksena on omistaa hallintaoikeudet Pariisissa sijaitsevan Cit\u00e9 Internationale des Arts -taiteilijakeskuksen viiden kuva- ja nelj\u00e4n musiikkiateljeen k\u00e4ytt\u00f6\u00f6n sek\u00e4 valita niihin vuosittain hakemusten perustella Suomessa asuvia taiteilijoita kuvataiteen, s\u00e4veltaiteen, muotoilun sek\u00e4 arkkitehtuurin aloilta. Hallinto Pariisin taiteilijakaupungin s\u00e4\u00e4ti\u00f6n hallituksen puheenjohtajana toimii asianajotoimisto Waselius Asianajotoimisto Oy:n asianajaja&nbsp;\u00c5sa Krook. S\u00e4\u00e4ti\u00f6n hallituksen j\u00e4senet edustavat musiikin, kuvataiteen, [&hellip;]<\/p>\n","protected":false},"author":1,"featured_media":0,"parent":0,"menu_order":0,"comment_status":"closed","ping_status":"closed","template":"","meta":{"footnotes":""},"class_list":["post-54","page","type-page","status-publish","hentry"],"_links":{"self":[{"href":"https:\/\/citedesarts.fi\/index.php?rest_route=\/wp\/v2\/pages\/54","targetHints":{"allow":["GET"]}}],"collection":[{"href":"https:\/\/citedesarts.fi\/index.php?rest_route=\/wp\/v2\/pages"}],"about":[{"href":"https:\/\/citedesarts.fi\/index.php?rest_route=\/wp\/v2\/types\/page"}],"author":[{"embeddable":true,"href":"https:\/\/citedesarts.fi\/index.php?rest_route=\/wp\/v2\/users\/1"}],"replies":[{"embeddable":true,"href":"https:\/\/citedesarts.fi\/index.php?rest_route=%2Fwp%2Fv2%2Fcomments&post=54"}],"version-history":[{"count":12,"href":"https:\/\/citedesarts.fi\/index.php?rest_route=\/wp\/v2\/pages\/54\/revisions"}],"predecessor-version":[{"id":674,"href":"https:\/\/citedesarts.fi\/index.php?rest_route=\/wp\/v2\/pages\/54\/revisions\/674"}],"wp:attachment":[{"href":"https:\/\/citedesarts.fi\/index.php?rest_route=%2Fwp%2Fv2%2Fmedia&parent=54"}],"curies":[{"name":"wp","href":"https:\/\/api.w.org\/{rel}","templated":true}]}}