{"id":53,"date":"2020-04-26T17:16:21","date_gmt":"2020-04-26T14:16:21","guid":{"rendered":"https:\/\/citedesartsfi.wordpress.com\/?page_id=53"},"modified":"2025-10-09T22:21:17","modified_gmt":"2025-10-09T19:21:17","slug":"francais","status":"publish","type":"page","link":"https:\/\/citedesarts.fi\/?page_id=53","title":{"rendered":"Fran\u00e7ais"},"content":{"rendered":"\n<h4 class=\"wp-block-heading\" id=\"presentation\"><strong>PRESENTATION<\/strong><\/h4>\n\n\n\n<p>La Fondation finlandaise de la Cit\u00e9 des Arts de Paris a pour but de g\u00e9rer l\u2019administration des cinq ateliers d\u2019arts plastiques et des quatre ateliers de musique au centre culturel de la Cit\u00e9 internationale des Arts. Chaque ann\u00e9e, elle en s\u00e9lectionne les locataires parmi les candidatures d\u2019artistes de divers domaines: arts plastiques, musique, arts industriels appliqu\u00e9s et architecture.<\/p>\n\n\n\n<h4 class=\"wp-block-heading\" id=\"administration-de-la-fondation\"><strong>ADMINISTRATION DE LA FONDATION<\/strong><\/h4>\n\n\n\n<p>Mme \u00c5sa Krook, du Bureau d\u2019Avocats Waselius &amp; Wist est le pr\u00e9sident du conseil d\u2019administration de la Fondation de la Cit\u00e9 des Arts de Paris.<\/p>\n\n\n\n<p>Les membres du conseil d\u2019administration de la Fondation sont des repr\u00e9sentants de divers domaines artistiques: musique, arts plastiques, arts industriels appliqu\u00e9s et architecture. En 2025\u201327, les membres du conseil d\u2019administration sont: Pr\u00e9sident du conseil Mme \u00c5sa Krook (avocat), M. Junio Kimanen (pianiste), Mme Kati Kivinen, M. Markus Konttinen (plasticien), Mme Anni Vartola (architecte) et M. Esa Vesmanen (architecte d\u2019int\u00e9rieur).<\/p>\n\n\n\n<h4 class=\"wp-block-heading\" id=\"historique\"><strong>HISTORIQUE<\/strong><\/h4>\n\n\n\n<p>En 1947, le plasticien finlandais Eero Snellman, ayant lui-m\u00eame habit\u00e9 dans la capitale fran\u00e7aise pendant plusieurs ann\u00e9es, a pr\u00e9sent\u00e9 l\u2019id\u00e9e originale d\u2019un centre international d\u2019 artistes \u00e0 Paris. <\/p>\n\n\n\n<p>Apr\u00e8s diverses p\u00e9rip\u00e9ties, le projet de la Cit\u00e9 internationale des Arts a \u00e9t\u00e9 r\u00e9alis\u00e9 en 1965 financ\u00e9e par la ville de Paris. Dans ce nouveau centre, de nombreux pays ont acquis des atelier-logements pour les artistes de leurs pays. La Fondation de la Cit\u00e9 des Arts de Paris a \u00e9t\u00e9 fond\u00e9e en 1960 \u00e0 Helsinki.<\/p>\n\n\n\n<p>Dans le r\u00e8glement de la Fondation, la fonction du nouveau centre est d\u00e9crite ainsi&nbsp;: \u00abse procurer des ateliers de travail&nbsp;de la Cit\u00e9 r\u00e9serv\u00e9s \u00e0 tout artiste r\u00e9sidant en Finlande effectuant des \u00e9tudes \u00e0 Paris dans les domaines des arts plastiques, de la musique d\u2019arts industriels et de l\u2019architecture, afin de les mettre ensuite \u00e0 leur disposition \u00e0 des conditions int\u00e9ressantes et peu co\u00fbteuses&nbsp;\u00bb. Ce livre-p\u00e9tition de la Fondation a \u00e9t\u00e9 sign\u00e9 par de nombreuses personnalit\u00e9s de la vie culturelle et politique finlandaise.<\/p>\n\n\n\n<p>En 1965-66, les premiers artistes finlandais \u00e0 s\u00e9journer dans le nouveau centre d\u2019artistes \u00e9taient les violonistes Erkki Kantola, Seija Salmiala et Ilkka Talvi, la sculptrice Laila Pullinen, les plasticiens Ernst Mether-Borgstr\u00f6m, Ahti Lavonen et Kauko Lehtinen et l\u2019architecte d\u2019int\u00e9rieur Reino Ojanen.<\/p>\n\n\n\n<p>La Cit\u00e9 des arts \u00e0 Paris propose 326 atelier-logements pour des ressortissants de 90 pays. Aujourd\u2019hui, le nombre des appartements r\u00e9serv\u00e9 aux Finlandais \u00e0 la Cit\u00e9 des arts est de neuf atelier-logements. Les personnalit\u00e9s culturelles finlandaises comme Eero Snellman, Jean Sibelius et Mirjam Helin y poss\u00e8dent leurs ateliers attitr\u00e9s. Pour ses acquisitions, la Fondation a \u00e9t\u00e9 consid\u00e9rablement aid\u00e9e par de nombreux donateurs, fonds et soci\u00e9t\u00e9s.<\/p>\n\n\n\n<p>Gr\u00e2ce \u00e0 la Fondation de la Cit\u00e9 des Arts de Paris, plus de millier repr\u00e9sentants finlandais des arts plastiques, des arts du spectacle et de la musique, de la danse, des arts industriels et de l\u2019architecture ont pu profiter des conditions de travail et d\u2019h\u00e9bergement dans le centre de Paris, o\u00f9 ils ont pu de se familiariser avec les autres arts et conna\u00eetre des artistes d&#8217;autres pays. Vous trouvez ici&nbsp;<a href=\"https:\/\/citedesartsfi.wordpress.com\/myonnetyt-apurahat\/\">la liste des noms<\/a>&nbsp;de tous les boursiers de la Cit\u00e9.<\/p>\n\n\n\n<div class=\"wp-block-file\"><a id=\"wp-block-file--media-76d01cdd-6ba7-4f1f-98a7-4aef3dc0361e\" href=\"http:\/\/u67069.www2.webdomain.fi\/wp-content\/uploads\/2020\/10\/eero-snellman_discours.pdf\">Discours d&#8217;Eero Snellman<\/a><a href=\"http:\/\/u67069.www2.webdomain.fi\/wp-content\/uploads\/2020\/10\/eero-snellman_discours.pdf\" class=\"wp-block-file__button wp-element-button\" download aria-describedby=\"wp-block-file--media-76d01cdd-6ba7-4f1f-98a7-4aef3dc0361e\">CHARGER<\/a><\/div>\n\n\n\n<h4 class=\"wp-block-heading\" id=\"contacts\">CONTACTS<\/h4>\n\n\n\n<p>Le d\u00e9p\u00f4t des candidatures pour les boursiers de la Fondation de la Cit\u00e9 des Arts \u00e0 Paris a lieu chaque ann\u00e9e en mars.<\/p>\n\n\n\n<p>Renseignements:&nbsp;info(at)citedesarts.fi<\/p>\n\n\n\n<p>Informations compl\u00e9mentaires sur la Cit\u00e9:&nbsp;<a href=\"http:\/\/www.citedesartsparis.net\/\">www.citedesartsparis.net<\/a><\/p>\n","protected":false},"excerpt":{"rendered":"<p>PRESENTATION La Fondation finlandaise de la Cit\u00e9 des Arts de Paris a pour but de g\u00e9rer l\u2019administration des cinq ateliers d\u2019arts plastiques et des quatre ateliers de musique au centre culturel de la Cit\u00e9 internationale des Arts. Chaque ann\u00e9e, elle en s\u00e9lectionne les locataires parmi les candidatures d\u2019artistes de divers domaines: arts plastiques, musique, arts [&hellip;]<\/p>\n","protected":false},"author":1,"featured_media":0,"parent":0,"menu_order":0,"comment_status":"closed","ping_status":"closed","template":"","meta":{"footnotes":""},"class_list":["post-53","page","type-page","status-publish","hentry"],"_links":{"self":[{"href":"https:\/\/citedesarts.fi\/index.php?rest_route=\/wp\/v2\/pages\/53","targetHints":{"allow":["GET"]}}],"collection":[{"href":"https:\/\/citedesarts.fi\/index.php?rest_route=\/wp\/v2\/pages"}],"about":[{"href":"https:\/\/citedesarts.fi\/index.php?rest_route=\/wp\/v2\/types\/page"}],"author":[{"embeddable":true,"href":"https:\/\/citedesarts.fi\/index.php?rest_route=\/wp\/v2\/users\/1"}],"replies":[{"embeddable":true,"href":"https:\/\/citedesarts.fi\/index.php?rest_route=%2Fwp%2Fv2%2Fcomments&post=53"}],"version-history":[{"count":9,"href":"https:\/\/citedesarts.fi\/index.php?rest_route=\/wp\/v2\/pages\/53\/revisions"}],"predecessor-version":[{"id":678,"href":"https:\/\/citedesarts.fi\/index.php?rest_route=\/wp\/v2\/pages\/53\/revisions\/678"}],"wp:attachment":[{"href":"https:\/\/citedesarts.fi\/index.php?rest_route=%2Fwp%2Fv2%2Fmedia&parent=53"}],"curies":[{"name":"wp","href":"https:\/\/api.w.org\/{rel}","templated":true}]}}