{"id":51,"date":"2020-04-26T17:16:18","date_gmt":"2020-04-26T14:16:18","guid":{"rendered":"https:\/\/citedesartsfi.wordpress.com\/?page_id=51"},"modified":"2025-02-26T08:58:07","modified_gmt":"2025-02-26T06:58:07","slug":"yhteystiedot","status":"publish","type":"page","link":"https:\/\/citedesarts.fi\/?page_id=51","title":{"rendered":"Yhteystiedot"},"content":{"rendered":"\n<div class=\"wp-block-cover alignfull is-light\"><span aria-hidden=\"true\" class=\"wp-block-cover__background has-background-dim-0 has-background-dim\"><\/span><img loading=\"lazy\" decoding=\"async\" width=\"1600\" height=\"1088\" class=\"wp-block-cover__image-background wp-image-121\" alt=\"\" src=\"http:\/\/u67069.www2.webdomain.fi\/wp-content\/uploads\/2020\/04\/hall_site-du-marais_cree295a0ucc88dit-maurine-tric.jpg?w=1024\" data-object-fit=\"cover\" srcset=\"https:\/\/citedesarts.fi\/wp-content\/uploads\/2020\/04\/hall_site-du-marais_cree295a0ucc88dit-maurine-tric.jpg 1600w, https:\/\/citedesarts.fi\/wp-content\/uploads\/2020\/04\/hall_site-du-marais_cree295a0ucc88dit-maurine-tric-300x204.jpg 300w, https:\/\/citedesarts.fi\/wp-content\/uploads\/2020\/04\/hall_site-du-marais_cree295a0ucc88dit-maurine-tric-1024x696.jpg 1024w, https:\/\/citedesarts.fi\/wp-content\/uploads\/2020\/04\/hall_site-du-marais_cree295a0ucc88dit-maurine-tric-768x522.jpg 768w, https:\/\/citedesarts.fi\/wp-content\/uploads\/2020\/04\/hall_site-du-marais_cree295a0ucc88dit-maurine-tric-1536x1044.jpg 1536w, https:\/\/citedesarts.fi\/wp-content\/uploads\/2020\/04\/hall_site-du-marais_cree295a0ucc88dit-maurine-tric-1568x1066.jpg 1568w\" sizes=\"auto, (max-width: 1600px) 100vw, 1600px\" \/><div class=\"wp-block-cover__inner-container is-layout-flow wp-block-cover-is-layout-flow\">\n<p class=\"has-text-align-center has-large-font-size\"><\/p>\n<\/div><\/div>\n\n\n\n<h3 class=\"wp-block-heading\" id=\"tiedustelut\">Tiedustelut:<\/h3>\n\n\n\n<p>info(at)citedesarts.fi, puh. +358 40 7073700<\/p>\n\n\n\n<p>Hakuaikana tiedustelut s\u00e4hk\u00f6postitse sek\u00e4 arkisin puhelimitse <br>klo 15\u201316.<\/p>\n\n\n\n<h3 class=\"wp-block-heading\" id=\"block-37ef0ed1-f8d2-4cc9-afe4-d51bf9f16f3a\">Postiosoite:<\/h3>\n\n\n\n<p>Pariisin taiteilijakaupungin s\u00e4\u00e4ti\u00f6<br>c\/o Waselius Asianajotoimisto Oy<br>Etel\u00e4esplanadi 24A<br>00130 Helsinki<\/p>\n\n\n\n<h3 class=\"wp-block-heading\" id=\"yhteistyokumppanit\">Yhteisty\u00f6kumppanit:<\/h3>\n\n\n\n<div class=\"wp-block-columns is-layout-flex wp-container-core-columns-is-layout-9d6595d7 wp-block-columns-is-layout-flex\">\n<div class=\"wp-block-column is-layout-flow wp-block-column-is-layout-flow\">\n<figure class=\"wp-block-image size-large is-resized is-style-default\"><a href=\"https:\/\/www.citedesartsparis.net\/en\/\" target=\"_blank\" rel=\"noopener\"><img loading=\"lazy\" decoding=\"async\" width=\"3508\" height=\"2480\" src=\"http:\/\/u67069.www2.webdomain.fi\/wp-content\/uploads\/2021\/11\/cia-4.png?w=1024\" alt=\"\" class=\"wp-image-338\" style=\"object-fit:cover;width:260px;height:183px\" srcset=\"https:\/\/citedesarts.fi\/wp-content\/uploads\/2021\/11\/cia-4.png 3508w, https:\/\/citedesarts.fi\/wp-content\/uploads\/2021\/11\/cia-4-300x212.png 300w, https:\/\/citedesarts.fi\/wp-content\/uploads\/2021\/11\/cia-4-1024x724.png 1024w, https:\/\/citedesarts.fi\/wp-content\/uploads\/2021\/11\/cia-4-768x543.png 768w, https:\/\/citedesarts.fi\/wp-content\/uploads\/2021\/11\/cia-4-1536x1086.png 1536w, https:\/\/citedesarts.fi\/wp-content\/uploads\/2021\/11\/cia-4-2048x1448.png 2048w, https:\/\/citedesarts.fi\/wp-content\/uploads\/2021\/11\/cia-4-1568x1109.png 1568w\" sizes=\"auto, (max-width: 3508px) 100vw, 3508px\" \/><\/a><\/figure>\n\n\n\n<div class=\"wp-block-columns is-layout-flex wp-container-core-columns-is-layout-9d6595d7 wp-block-columns-is-layout-flex\">\n<div class=\"wp-block-column is-layout-flow wp-block-column-is-layout-flow\">\n<figure class=\"wp-block-image size-large is-resized\"><a href=\"https:\/\/www.institut-finlandais.fr\/fi\/\" target=\"_blank\" rel=\"noopener\"><img loading=\"lazy\" decoding=\"async\" width=\"480\" height=\"69\" src=\"http:\/\/u67069.www2.webdomain.fi\/wp-content\/uploads\/2021\/11\/instituutti.png?w=480\" alt=\"\" class=\"wp-image-324\" style=\"width:368px;height:53px\" srcset=\"https:\/\/citedesarts.fi\/wp-content\/uploads\/2021\/11\/instituutti.png 480w, https:\/\/citedesarts.fi\/wp-content\/uploads\/2021\/11\/instituutti-300x43.png 300w\" sizes=\"auto, (max-width: 480px) 100vw, 480px\" \/><\/a><\/figure>\n<\/div>\n<\/div>\n<\/div>\n<\/div>\n\n\n\n<div class=\"wp-block-file\"><a id=\"wp-block-file--media-df54b3a5-49ff-4b37-b937-5369703769f6\" href=\"https:\/\/u67069.www2.webdomain.fi\/wp-content\/uploads\/2021\/12\/Pariisin-taiteilijakaupungin-saatio_rekisteriseloste-2.pdf\">Pariisin taiteilijakaupungin s\u00e4\u00e4ti\u00f6 rekisteriseloste<\/a><a href=\"https:\/\/u67069.www2.webdomain.fi\/wp-content\/uploads\/2021\/12\/Pariisin-taiteilijakaupungin-saatio_rekisteriseloste-2.pdf\" class=\"wp-block-file__button wp-element-button\" download aria-describedby=\"wp-block-file--media-df54b3a5-49ff-4b37-b937-5369703769f6\">Lataa<\/a><\/div>\n\n\n\n<p><\/p>\n","protected":false},"excerpt":{"rendered":"<p>Tiedustelut: info(at)citedesarts.fi, puh. +358 40 7073700 Hakuaikana tiedustelut s\u00e4hk\u00f6postitse sek\u00e4 arkisin puhelimitse klo 15\u201316. Postiosoite: Pariisin taiteilijakaupungin s\u00e4\u00e4ti\u00f6c\/o Waselius Asianajotoimisto OyEtel\u00e4esplanadi 24A00130 Helsinki Yhteisty\u00f6kumppanit:<\/p>\n","protected":false},"author":1,"featured_media":0,"parent":0,"menu_order":0,"comment_status":"closed","ping_status":"closed","template":"","meta":{"footnotes":""},"class_list":["post-51","page","type-page","status-publish","hentry"],"_links":{"self":[{"href":"https:\/\/citedesarts.fi\/index.php?rest_route=\/wp\/v2\/pages\/51","targetHints":{"allow":["GET"]}}],"collection":[{"href":"https:\/\/citedesarts.fi\/index.php?rest_route=\/wp\/v2\/pages"}],"about":[{"href":"https:\/\/citedesarts.fi\/index.php?rest_route=\/wp\/v2\/types\/page"}],"author":[{"embeddable":true,"href":"https:\/\/citedesarts.fi\/index.php?rest_route=\/wp\/v2\/users\/1"}],"replies":[{"embeddable":true,"href":"https:\/\/citedesarts.fi\/index.php?rest_route=%2Fwp%2Fv2%2Fcomments&post=51"}],"version-history":[{"count":9,"href":"https:\/\/citedesarts.fi\/index.php?rest_route=\/wp\/v2\/pages\/51\/revisions"}],"predecessor-version":[{"id":654,"href":"https:\/\/citedesarts.fi\/index.php?rest_route=\/wp\/v2\/pages\/51\/revisions\/654"}],"wp:attachment":[{"href":"https:\/\/citedesarts.fi\/index.php?rest_route=%2Fwp%2Fv2%2Fmedia&parent=51"}],"curies":[{"name":"wp","href":"https:\/\/api.w.org\/{rel}","templated":true}]}}