{"id":50,"date":"2020-04-26T17:16:17","date_gmt":"2020-04-26T14:16:17","guid":{"rendered":"https:\/\/citedesartsfi.wordpress.com\/?page_id=50"},"modified":"2026-02-27T19:13:51","modified_gmt":"2026-02-27T17:13:51","slug":"haku","status":"publish","type":"page","link":"https:\/\/citedesarts.fi\/?page_id=50","title":{"rendered":"Haku ja ty\u00f6skentely"},"content":{"rendered":"\n<div class=\"wp-block-cover alignfull is-light\" style=\"min-height:502px;aspect-ratio:unset;\"><img loading=\"lazy\" decoding=\"async\" width=\"1800\" height=\"1201\" class=\"wp-block-cover__image-background wp-image-530\" alt=\"\" src=\"https:\/\/citedesarts.fi\/wp-content\/uploads\/2023\/03\/Maurine_Tric-0679-1.jpg\" style=\"object-position:62% 63%\" data-object-fit=\"cover\" data-object-position=\"62% 63%\" srcset=\"https:\/\/citedesarts.fi\/wp-content\/uploads\/2023\/03\/Maurine_Tric-0679-1.jpg 1800w, https:\/\/citedesarts.fi\/wp-content\/uploads\/2023\/03\/Maurine_Tric-0679-1-300x200.jpg 300w, https:\/\/citedesarts.fi\/wp-content\/uploads\/2023\/03\/Maurine_Tric-0679-1-1024x683.jpg 1024w, https:\/\/citedesarts.fi\/wp-content\/uploads\/2023\/03\/Maurine_Tric-0679-1-768x512.jpg 768w, https:\/\/citedesarts.fi\/wp-content\/uploads\/2023\/03\/Maurine_Tric-0679-1-1536x1025.jpg 1536w, https:\/\/citedesarts.fi\/wp-content\/uploads\/2023\/03\/Maurine_Tric-0679-1-1200x801.jpg 1200w\" sizes=\"auto, (max-width: 1800px) 100vw, 1800px\" \/><span aria-hidden=\"true\" class=\"wp-block-cover__background has-background-dim-0 has-background-dim\"><\/span><div class=\"wp-block-cover__inner-container is-layout-flow wp-block-cover-is-layout-flow\">\n<p class=\"has-text-align-center has-large-font-size\"><\/p>\n<\/div><\/div>\n\n\n\n<p>Pariisin taiteilijakaupungin s\u00e4\u00e4ti\u00f6 hallinnoi Pariisin taiteilijakeskuksessa, Cit\u00e9 internationale des arts&#8217;issa, yhdeks\u00e4\u00e4 ateljeeta, joiden hakuaika on vuosittain <strong>1.\u201331. maaliskuuta<\/strong>. S\u00e4hk\u00f6iset hakemukset on l\u00e4hetett\u00e4v\u00e4 <strong>31.3. klo 16.00 menness\u00e4<\/strong> sivun lopussa olevan hakemuslinkin kautta. My\u00f6h\u00e4styneit\u00e4 hakemuksia ei k\u00e4sitell\u00e4. Ennen hakemuslomakkeen t\u00e4ytt\u00e4mist\u00e4 tutustu alla oleviin tietoihin ja liitetiedostoihin.<\/p>\n\n\n\n<h3 class=\"wp-block-heading\" id=\"hakijat\">Ateljeehaku vuodelle 2027<\/h3>\n\n\n\n<p>Hakualat vuodelle 2027 ovat:<\/p>\n\n\n\n<ul class=\"wp-block-list\">\n<li>Visuaaliset taiteet (kuvataide, valokuva, media, sarjakuva)<\/li>\n\n\n\n<li>S\u00e4veltaide<\/li>\n\n\n\n<li>Arkkitehtuuri<\/li>\n\n\n\n<li>Muotoilu (ml. tekstiilitaide)<\/li>\n<\/ul>\n\n\n\n<p>Haettavat hankkeet voivat sis\u00e4lt\u00e4\u00e4 taiteenaloja ylitt\u00e4vi\u00e4 elementtej\u00e4 tai ylitt\u00e4\u00e4 genrerajoja. <\/p>\n\n\n\n<p>Ateljeet jaetaan tasapuolisesti kaikkien hakijaryhmien kesken. Valinnassa painotetaan ty\u00f6suunnitelman laatua ja taiteilijan omaa motivaatiota. Ateljeita ei ole tarkoitettu Pariisiin toistaiseksi tai vakituisemmin asettuneiden taiteilijoiden asuinpaikaksi.<\/p>\n\n\n\n<h3 class=\"wp-block-heading\" id=\"tyoskentely-citessa\">Ty\u00f6skentely Cit\u00e9ss\u00e4<\/h3>\n\n\n\n<p>Lyhin yht\u00e4jaksoinen ty\u00f6skentely Cit\u00e9ss\u00e4 on 2 kuukautta, pisin vuosi \u2013 yleens\u00e4 4\u20137 kuukautta. Vierailun alkuun ja loppuun sis\u00e4ltyy siivousp\u00e4ivi\u00e4, jolloin ateljeet eiv\u00e4t ole k\u00e4ytett\u00e4viss\u00e4: kunkin kuukauden saapumis-\/l\u00e4ht\u00f6p\u00e4iv\u00e4t n\u00e4kyv\u00e4t liitteest\u00e4 sivun lopussa.<\/p>\n\n\n\n<p>Erityishuomiot:<\/p>\n\n\n\n<ul class=\"wp-block-list\">\n<li>Ateljeet on tarkoitettu ty\u00f6skentelyyn eik\u00e4 niit\u00e4 voi hakea esim. Erasmus-vaihtoa varten<\/li>\n\n\n\n<li>Ateljeessa voi y\u00f6py\u00e4 yht\u00e4aikaisesti enint\u00e4\u00e4n kaksi aikuista ja yksi alle 7-vuotias lapsi \u2013 Cit\u00e9 ei tee asiassa poikkeuksia<\/li>\n\n\n\n<li>Cit\u00e9 ei salli lemmikkiel\u00e4imi\u00e4<\/li>\n<\/ul>\n\n\n\n<h3 class=\"wp-block-heading\" id=\"ateljeet-ja-vuokrat\">Ateljeet ja vuokrat<\/h3>\n\n\n\n<p>Ateljeet ovat 35\/40 m\u00b2 tai 25\/27 m\u00b2 studioita, joista viisi soveltuu erityisesti kuvataiteilijoille ja nelj\u00e4 muusikoille. Vuonna 2026 ateljeen vuokra yhdelt\u00e4 henkil\u00f6lt\u00e4 on 541\u2013631 \u20ac kuukaudessa, m\u00e4\u00e4r\u00e4ytyen ty\u00f6skentelyjakson pituuden ja ateljeen koon mukaan. Taiteilija vastaa vuokranmaksusta suoraan Cit\u00e9lle. Takuuvuokra maksetaan kuukausi ennen residenssijakson alkua. Cit\u00e9 tarkistaa vuokratason aina tammikuussa.<\/p>\n\n\n\n<p>My\u00f6nnetty ateljee on peruutettava v\u00e4hint\u00e4\u00e4n kaksi kuukautta ennen residenssiajan alkamista. Mik\u00e4li peruutus tulee my\u00f6hemmin eik\u00e4 s\u00e4\u00e4ti\u00f6\/Cit\u00e9 saa ket\u00e4\u00e4n tilalle, Cit\u00e9 pid\u00e4tt\u00e4\u00e4 itsell\u00e4\u00e4n maksetun takuuvuokran. My\u00f6h\u00e4isess\u00e4 peruutuksessa force majeure ei vapauta taiteilijaa vuokravastuusta ja s\u00e4\u00e4ti\u00f6 korostaa, ett\u00e4 taitelijan tulee ottaa matkavakuutus residenssiajalle hyviss\u00e4 ajoin.<\/p>\n\n\n\n<h3 class=\"wp-block-heading\" id=\"yhteistyo\">Yhteisty\u00f6<\/h3>\n\n\n\n<p>Pariisin taiteilijakaupungin s\u00e4\u00e4ti\u00f6 tekee Pariisissa yhteisty\u00f6t\u00e4 Institut finlandais&#8217;n kanssa. Instituutti pyrkii tarjoamaan s\u00e4\u00e4ti\u00f6n taiteilijoille mahdollisuuksia verkostoitua paikallisten taide- ja kulttuurialan toimijoiden kanssa. Lis\u00e4tietoa yhteisty\u00f6st\u00e4 saa hakulomakkeesta.<\/p>\n\n\n\n<p>Matka- ja ty\u00f6skentelykustannuksiin ulkomaille voi hakea liikkuvuusapurahaa esim. Taiteen edist\u00e4miskeskukselta tai Suomen Kulttuurirahastolta.<\/p>\n\n\n\n<h3 class=\"wp-block-heading\" id=\"lisatiedot\">Lis\u00e4tiedot<\/h3>\n\n\n\n<div class=\"wp-block-file\"><a id=\"wp-block-file--media-186055be-f3c0-47da-b391-60e06753a109\" href=\"https:\/\/citedesarts.fi\/wp-content\/uploads\/2025\/06\/Residency-dates-2026-2027.pdf\" target=\"_blank\" rel=\"noreferrer noopener\">Saapumis- ja l\u00e4ht\u00f6p\u00e4iv\u00e4t 2026-2027<\/a><a href=\"https:\/\/citedesarts.fi\/wp-content\/uploads\/2025\/06\/Residency-dates-2026-2027.pdf\" class=\"wp-block-file__button wp-element-button\" download aria-describedby=\"wp-block-file--media-186055be-f3c0-47da-b391-60e06753a109\">Lataa<\/a><\/div>\n\n\n\n<div class=\"wp-block-file\"><a id=\"wp-block-file--media-5f864f61-43eb-45bb-b3af-4c4b92dd5037\" href=\"https:\/\/citedesarts.fi\/wp-content\/uploads\/2026\/01\/Cite-vuokrat-ja-hinnasto-2026.pdf\" target=\"_blank\" rel=\"noreferrer noopener\">Cit\u00e9n vuokrat ja perushinnasto vuodelle 2026<\/a><a href=\"https:\/\/citedesarts.fi\/wp-content\/uploads\/2026\/01\/Cite-vuokrat-ja-hinnasto-2026.pdf\" class=\"wp-block-file__button wp-element-button\" download aria-describedby=\"wp-block-file--media-5f864f61-43eb-45bb-b3af-4c4b92dd5037\">Lataa<\/a><\/div>\n\n\n\n<div class=\"wp-block-file\"><a id=\"wp-block-file--media-b415707e-cd4a-4b48-8c6a-2ea25b043e54\" href=\"https:\/\/citedesarts.fi\/wp-content\/uploads\/2026\/01\/ADDITIONAL-MONTHLY-FEES-FOR-2026.pdf\" target=\"_blank\" rel=\"noreferrer noopener\">Cit\u00e9 lis\u00e4hinnasto 2026 &#8211; additional monthly fees 2026<\/a><a href=\"https:\/\/citedesarts.fi\/wp-content\/uploads\/2026\/01\/ADDITIONAL-MONTHLY-FEES-FOR-2026.pdf\" class=\"wp-block-file__button wp-element-button\" download aria-describedby=\"wp-block-file--media-b415707e-cd4a-4b48-8c6a-2ea25b043e54\">Lataa<\/a><\/div>\n\n\n\n<div class=\"wp-block-file\"><a id=\"wp-block-file--media-ca45566b-d5d4-4105-80c0-ee89f7116587\" href=\"https:\/\/citedesarts.fi\/wp-content\/uploads\/2022\/08\/CITE-Livret-daccueil-Welcome-Book.pdf\" target=\"_blank\" rel=\"noreferrer noopener\">Cit\u00e9 &#8211; uusien asukkaiden tervetulopaketti<\/a><a href=\"https:\/\/citedesarts.fi\/wp-content\/uploads\/2022\/08\/CITE-Livret-daccueil-Welcome-Book.pdf\" class=\"wp-block-file__button wp-element-button\" download aria-describedby=\"wp-block-file--media-ca45566b-d5d4-4105-80c0-ee89f7116587\">Lataa<\/a><\/div>\n\n\n\n<div style=\"height:19px\" aria-hidden=\"true\" class=\"wp-block-spacer\"><\/div>\n\n\n\n<div class=\"wp-block-buttons is-layout-flex wp-block-buttons-is-layout-flex\">\n<div class=\"wp-block-button has-custom-width wp-block-button__width-75 is-style-fill\"><a class=\"wp-block-button__link has-background-color has-accent-background-color has-text-color has-background has-small-font-size has-text-align-center has-custom-font-size wp-element-button\" href=\"https:\/\/survey.gruppo.fi\/citedesarts\/index.php\/383956?lang=fi\" style=\"border-radius:58px\">HAKULOMAKE VUODELLE 2027 <\/a><\/div>\n<\/div>\n\n\n\n<figure class=\"wp-block-gallery alignwide has-nested-images columns-3 wp-block-gallery-1 is-layout-flex wp-block-gallery-is-layout-flex\">\n<figure class=\"wp-block-image size-large\"><img loading=\"lazy\" decoding=\"async\" width=\"1024\" height=\"683\" data-id=\"520\" src=\"https:\/\/citedesarts.fi\/wp-content\/uploads\/2023\/03\/Maurine_Tric-0693-1024x683.jpg\" alt=\"\" class=\"wp-image-520\" srcset=\"https:\/\/citedesarts.fi\/wp-content\/uploads\/2023\/03\/Maurine_Tric-0693-1024x683.jpg 1024w, https:\/\/citedesarts.fi\/wp-content\/uploads\/2023\/03\/Maurine_Tric-0693-300x200.jpg 300w, https:\/\/citedesarts.fi\/wp-content\/uploads\/2023\/03\/Maurine_Tric-0693-768x512.jpg 768w, https:\/\/citedesarts.fi\/wp-content\/uploads\/2023\/03\/Maurine_Tric-0693-1536x1025.jpg 1536w, https:\/\/citedesarts.fi\/wp-content\/uploads\/2023\/03\/Maurine_Tric-0693-1200x801.jpg 1200w, https:\/\/citedesarts.fi\/wp-content\/uploads\/2023\/03\/Maurine_Tric-0693.jpg 1800w\" sizes=\"auto, (max-width: 1024px) 100vw, 1024px\" \/><\/figure>\n\n\n\n<figure class=\"wp-block-image size-large\"><img loading=\"lazy\" decoding=\"async\" width=\"1024\" height=\"683\" data-id=\"522\" src=\"https:\/\/citedesarts.fi\/wp-content\/uploads\/2023\/03\/Maurine_Tric-0690-1024x683.jpg\" alt=\"\" class=\"wp-image-522\" srcset=\"https:\/\/citedesarts.fi\/wp-content\/uploads\/2023\/03\/Maurine_Tric-0690-1024x683.jpg 1024w, https:\/\/citedesarts.fi\/wp-content\/uploads\/2023\/03\/Maurine_Tric-0690-300x200.jpg 300w, https:\/\/citedesarts.fi\/wp-content\/uploads\/2023\/03\/Maurine_Tric-0690-768x512.jpg 768w, https:\/\/citedesarts.fi\/wp-content\/uploads\/2023\/03\/Maurine_Tric-0690-1536x1025.jpg 1536w, https:\/\/citedesarts.fi\/wp-content\/uploads\/2023\/03\/Maurine_Tric-0690-1200x801.jpg 1200w, https:\/\/citedesarts.fi\/wp-content\/uploads\/2023\/03\/Maurine_Tric-0690.jpg 1800w\" sizes=\"auto, (max-width: 1024px) 100vw, 1024px\" \/><\/figure>\n\n\n\n<figure class=\"wp-block-image size-large\"><img loading=\"lazy\" decoding=\"async\" width=\"1024\" height=\"683\" data-id=\"524\" src=\"https:\/\/citedesarts.fi\/wp-content\/uploads\/2023\/03\/Maurine_Tric-0686-1024x683.jpg\" alt=\"\" class=\"wp-image-524\" srcset=\"https:\/\/citedesarts.fi\/wp-content\/uploads\/2023\/03\/Maurine_Tric-0686-1024x683.jpg 1024w, https:\/\/citedesarts.fi\/wp-content\/uploads\/2023\/03\/Maurine_Tric-0686-300x200.jpg 300w, https:\/\/citedesarts.fi\/wp-content\/uploads\/2023\/03\/Maurine_Tric-0686-768x512.jpg 768w, https:\/\/citedesarts.fi\/wp-content\/uploads\/2023\/03\/Maurine_Tric-0686-1536x1025.jpg 1536w, https:\/\/citedesarts.fi\/wp-content\/uploads\/2023\/03\/Maurine_Tric-0686-1200x801.jpg 1200w, https:\/\/citedesarts.fi\/wp-content\/uploads\/2023\/03\/Maurine_Tric-0686.jpg 1800w\" sizes=\"auto, (max-width: 1024px) 100vw, 1024px\" \/><\/figure>\n<\/figure>\n","protected":false},"excerpt":{"rendered":"<p>Pariisin taiteilijakaupungin s\u00e4\u00e4ti\u00f6 hallinnoi Pariisin taiteilijakeskuksessa, Cit\u00e9 internationale des arts&#8217;issa, yhdeks\u00e4\u00e4 ateljeeta, joiden hakuaika on vuosittain 1.\u201331. maaliskuuta. S\u00e4hk\u00f6iset hakemukset on l\u00e4hetett\u00e4v\u00e4 31.3. klo 16.00 menness\u00e4 sivun lopussa olevan hakemuslinkin kautta. My\u00f6h\u00e4styneit\u00e4 hakemuksia ei k\u00e4sitell\u00e4. Ennen hakemuslomakkeen t\u00e4ytt\u00e4mist\u00e4 tutustu alla oleviin tietoihin ja liitetiedostoihin. Ateljeehaku vuodelle 2027 Hakualat vuodelle 2027 ovat: Haettavat hankkeet voivat sis\u00e4lt\u00e4\u00e4 [&hellip;]<\/p>\n","protected":false},"author":1,"featured_media":0,"parent":0,"menu_order":0,"comment_status":"closed","ping_status":"closed","template":"","meta":{"footnotes":""},"class_list":["post-50","page","type-page","status-publish","hentry"],"_links":{"self":[{"href":"https:\/\/citedesarts.fi\/index.php?rest_route=\/wp\/v2\/pages\/50","targetHints":{"allow":["GET"]}}],"collection":[{"href":"https:\/\/citedesarts.fi\/index.php?rest_route=\/wp\/v2\/pages"}],"about":[{"href":"https:\/\/citedesarts.fi\/index.php?rest_route=\/wp\/v2\/types\/page"}],"author":[{"embeddable":true,"href":"https:\/\/citedesarts.fi\/index.php?rest_route=\/wp\/v2\/users\/1"}],"replies":[{"embeddable":true,"href":"https:\/\/citedesarts.fi\/index.php?rest_route=%2Fwp%2Fv2%2Fcomments&post=50"}],"version-history":[{"count":60,"href":"https:\/\/citedesarts.fi\/index.php?rest_route=\/wp\/v2\/pages\/50\/revisions"}],"predecessor-version":[{"id":690,"href":"https:\/\/citedesarts.fi\/index.php?rest_route=\/wp\/v2\/pages\/50\/revisions\/690"}],"wp:attachment":[{"href":"https:\/\/citedesarts.fi\/index.php?rest_route=%2Fwp%2Fv2%2Fmedia&parent=50"}],"curies":[{"name":"wp","href":"https:\/\/api.w.org\/{rel}","templated":true}]}}